{"id":10129,"date":"2018-10-21T16:58:19","date_gmt":"2018-10-21T16:58:19","guid":{"rendered":"https:\/\/this-is-vegan.com\/imprint\/"},"modified":"2022-08-13T19:16:02","modified_gmt":"2022-08-13T19:16:02","slug":"imprint","status":"publish","type":"page","link":"https:\/\/this-is-vegan.com\/en\/imprint\/","title":{"rendered":"Imprint"},"content":{"rendered":"\t\t<div data-elementor-type=\"wp-post\" data-elementor-id=\"10129\" class=\"elementor elementor-10129 elementor-34\" data-elementor-post-type=\"page\">\n\t\t\t\t\t\t<section class=\"elementor-section elementor-top-section elementor-element elementor-element-853f0e2 elementor-section-boxed elementor-section-height-default elementor-section-height-default\" data-id=\"853f0e2\" data-element_type=\"section\" data-e-type=\"section\">\n\t\t\t\t\t\t<div class=\"elementor-container elementor-column-gap-default\">\n\t\t\t\t\t<div class=\"elementor-column elementor-col-100 elementor-top-column elementor-element elementor-element-007086b\" data-id=\"007086b\" data-element_type=\"column\" data-e-type=\"column\">\n\t\t\t<div class=\"elementor-widget-wrap elementor-element-populated\">\n\t\t\t\t\t\t<div class=\"elementor-element elementor-element-3e4695c elementor-widget elementor-widget-html\" data-id=\"3e4695c\" data-element_type=\"widget\" data-e-type=\"widget\" data-widget_type=\"html.default\">\n\t\t\t\t\t<h1>Imprint<\/h1>\n\n<h2>Information according to \u00a7 5 TMG<\/h2>\n<p>Yannick Haldenwanger<br>\nThis Is Vegan (Sellout Media)<br>\nFriedrichstra\u00dfe 58<br>\n77654 Offenburg<\/p>\n\n<h2>Contact<\/h2>\n\nE-mail: info@this-is-vegan.com<\/p>\n\n<h2>Sales tax ID<\/h2>\n<p>Sales tax identification number according to \u00a7 27 a Umsatzsteuergesetz:<br>\nDE62304145976<\/p>\n\n<h2>Editor in charge<\/h2>\n<p>This Is Vegan<br>\nYannick Haldenwanger<br>\nFriedrichstr. 58<br>\n77654 Offenburg<\/p>\n\n<h2>EU Dispute Resolution<\/h2>\n<p>The European Commission provides a platform for online dispute resolution (ODR): <a href=\"https:\/\/ec.europa.eu\/consumers\/odr\/\" target=\"_blank\" rel=\"noopener noreferrer\">https:\/\/ec.europa.eu\/consumers\/odr\/.<\/a><br>  You can find our e-mail address in the imprint above.<\/p>\n\n<h2>Consumer dispute resolution\/universal arbitration board<\/h2>\n<p>We participate in a dispute resolution procedure before a consumer arbitration board. The universal arbitration board of the Zentrum f\u00fcr Schlichtung e.V., Stra\u00dfburger Stra\u00dfe 8, 77694 Kehl am Rhein<a href=\"https:\/\/www.verbraucher-schlichter.de\" rel=\"noopener noreferrer\" target=\"_blank\">(https:\/\/www.verbraucher-schlichter.de)<\/a> is responsible.<\/p>\n\n<h3>Liability for contents<\/h3> <p>As a service provider, we are, in accordance with \u00a7 7 para.1 TMG is responsible for its own content on these pages under the general laws. According to \u00a7\u00a7 8 to 10 TMG, however, we are not obligated as a service provider to monitor transmitted or stored third-party information or to investigate circumstances that indicate illegal activity.<\/p> <p>Obligations to remove or block the use of information in accordance with general laws remain unaffected. However, liability in this regard is only possible from the time of knowledge of a concrete infringement. If we become aware of any such infringements, we will remove the content in question immediately.<\/p> <h3>Liability for links<\/h3> <p>Our offer contains links to external websites of third parties, on whose contents we have no influence. Therefore, we cannot assume any liability for these external contents. The respective provider or operator of the pages is always responsible for the content of the linked pages. The linked pages were checked for possible legal violations at the time of linking. Illegal contents were not recognizable at the time of linking.<\/p> <p>However, a permanent control of the contents of the linked pages is not reasonable without concrete evidence of a violation of the law. If we become aware of any infringements of the law, we will remove such links immediately.<\/p> <h3>Copyright<\/h3> <p>The contents and works created by the site operators on these pages are subject to German copyright law. Duplication, processing, distribution, or any form of commercialization of such material beyond the scope of the copyright law shall require the prior written consent of its respective author or creator. Downloads and copies of this page are only permitted for private, non-commercial use.<\/p> <p>Insofar as the content on this page was not created by the operator, the copyrights of third parties are respected. In particular, third-party content is identified as such. Should you nevertheless become aware of a copyright infringement, please inform us accordingly. If we become aware of any infringements, we will remove such content immediately.<\/p>\n\n<p>Source: <a href=\"https:\/\/www.e-recht24.de\/impressum-generator.html\">https:\/\/www.e-recht24.de\/impressum-generator.html<\/a><\/p>\t\t\t\t<\/div>\n\t\t\t\t\t<\/div>\n\t\t<\/div>\n\t\t\t\t\t<\/div>\n\t\t<\/section>\n\t\t\t\t<\/div>\n\t\t","protected":false},"excerpt":{"rendered":"<div class=\"post-excerpt\">Imprint Information according to \u00a7 5 TMG Yannick Haldenwanger This Is Vegan (Sellout Media) Friedrichstra\u00dfe 58 77654 Offenburg Contact E-mail: info@this-is-vegan.com Sales tax ID Sales tax identification number according to&#8230;<\/div>\n<div class=\"post-more\"><a href=\"https:\/\/this-is-vegan.com\/en\/imprint\/\" class=\"button button-primary button-effect\"><span>View Post<\/span><span><i class=\"cs-icon cs-icon-arrow-right\"><\/i><\/span><\/a><\/div>\n","protected":false},"author":1,"featured_media":0,"parent":0,"menu_order":0,"comment_status":"closed","ping_status":"closed","template":"","meta":{"wprm-recipe-roundup-name":"","wprm-recipe-roundup-description":"","footnotes":""},"class_list":["post-10129","page","type-page","status-publish"],"yoast_head":"<!-- This site is optimized with the Yoast SEO Premium plugin v25.9 (Yoast SEO v27.3) - https:\/\/yoast.com\/product\/yoast-seo-premium-wordpress\/ -->\n<title>Imprint - This is vegan<\/title>\n<meta name=\"robots\" content=\"index, follow, max-snippet:-1, max-image-preview:large, max-video-preview:-1\" \/>\n<link rel=\"canonical\" href=\"https:\/\/this-is-vegan.com\/en\/imprint\/\" \/>\n<meta property=\"og:locale\" content=\"en_US\" \/>\n<meta property=\"og:type\" content=\"article\" \/>\n<meta property=\"og:title\" content=\"Imprint\" \/>\n<meta property=\"og:description\" content=\"Imprint Information according to \u00a7 5 TMG Yannick Haldenwanger This Is Vegan (Sellout Media) Friedrichstra\u00dfe 58 77654 Offenburg Contact E-mail: info@this-is-vegan.com Sales tax ID Sales tax identification number according to...View Post\" \/>\n<meta property=\"og:url\" content=\"https:\/\/this-is-vegan.com\/en\/imprint\/\" \/>\n<meta property=\"og:site_name\" content=\"This is vegan\" \/>\n<meta property=\"article:publisher\" content=\"https:\/\/www.facebook.com\/thisisvegan\" \/>\n<meta property=\"article:modified_time\" content=\"2022-08-13T19:16:02+00:00\" \/>\n<meta property=\"og:image\" content=\"https:\/\/this-is-vegan.com\/wp-content\/uploads\/2023\/07\/logo.green_mobil_retina.png\" \/>\n\t<meta property=\"og:image:width\" content=\"197\" \/>\n\t<meta property=\"og:image:height\" content=\"100\" \/>\n\t<meta property=\"og:image:type\" content=\"image\/png\" \/>\n<meta name=\"twitter:card\" content=\"summary_large_image\" \/>\n<meta name=\"twitter:label1\" content=\"Est. reading time\" \/>\n\t<meta name=\"twitter:data1\" content=\"2 minutes\" \/>\n<script type=\"application\/ld+json\" class=\"yoast-schema-graph\">{\"@context\":\"https:\\\/\\\/schema.org\",\"@graph\":[{\"@type\":[\"Article\",\"BlogPosting\"],\"@id\":\"https:\\\/\\\/this-is-vegan.com\\\/en\\\/imprint\\\/#article\",\"isPartOf\":{\"@id\":\"https:\\\/\\\/this-is-vegan.com\\\/en\\\/imprint\\\/\"},\"author\":{\"name\":\"Thisisvegan\",\"@id\":\"https:\\\/\\\/this-is-vegan.com\\\/en\\\/#\\\/schema\\\/person\\\/3ed492820cd46980d016e778734ce433\"},\"headline\":\"Imprint\",\"datePublished\":\"2018-10-21T16:58:19+00:00\",\"dateModified\":\"2022-08-13T19:16:02+00:00\",\"mainEntityOfPage\":{\"@id\":\"https:\\\/\\\/this-is-vegan.com\\\/en\\\/imprint\\\/\"},\"wordCount\":454,\"publisher\":{\"@id\":\"https:\\\/\\\/this-is-vegan.com\\\/en\\\/#organization\"},\"inLanguage\":\"en-US\"},{\"@type\":\"WebPage\",\"@id\":\"https:\\\/\\\/this-is-vegan.com\\\/en\\\/imprint\\\/\",\"url\":\"https:\\\/\\\/this-is-vegan.com\\\/en\\\/imprint\\\/\",\"name\":\"Imprint - This is vegan\",\"isPartOf\":{\"@id\":\"https:\\\/\\\/this-is-vegan.com\\\/en\\\/#website\"},\"datePublished\":\"2018-10-21T16:58:19+00:00\",\"dateModified\":\"2022-08-13T19:16:02+00:00\",\"inLanguage\":\"en-US\",\"potentialAction\":[{\"@type\":\"ReadAction\",\"target\":[\"https:\\\/\\\/this-is-vegan.com\\\/en\\\/imprint\\\/\"]}]},{\"@type\":\"WebSite\",\"@id\":\"https:\\\/\\\/this-is-vegan.com\\\/en\\\/#website\",\"url\":\"https:\\\/\\\/this-is-vegan.com\\\/en\\\/\",\"name\":\"This is vegan\",\"description\":\"Plantbased Lifestyle Magazin\",\"publisher\":{\"@id\":\"https:\\\/\\\/this-is-vegan.com\\\/en\\\/#organization\"},\"potentialAction\":[{\"@type\":\"SearchAction\",\"target\":{\"@type\":\"EntryPoint\",\"urlTemplate\":\"https:\\\/\\\/this-is-vegan.com\\\/en\\\/?s={search_term_string}\"},\"query-input\":{\"@type\":\"PropertyValueSpecification\",\"valueRequired\":true,\"valueName\":\"search_term_string\"}}],\"inLanguage\":\"en-US\"},{\"@type\":\"Organization\",\"@id\":\"https:\\\/\\\/this-is-vegan.com\\\/en\\\/#organization\",\"name\":\"This Is Vegan | Plantbased Lifestyle Magazin\",\"alternateName\":\"This Is Vegan\",\"url\":\"https:\\\/\\\/this-is-vegan.com\\\/en\\\/\",\"logo\":{\"@type\":\"ImageObject\",\"inLanguage\":\"en-US\",\"@id\":\"https:\\\/\\\/this-is-vegan.com\\\/en\\\/#\\\/schema\\\/logo\\\/image\\\/\",\"url\":\"https:\\\/\\\/this-is-vegan.com\\\/wp-content\\\/uploads\\\/2020\\\/08\\\/logo.green_-e1597938774132.png\",\"contentUrl\":\"https:\\\/\\\/this-is-vegan.com\\\/wp-content\\\/uploads\\\/2020\\\/08\\\/logo.green_-e1597938774132.png\",\"width\":200,\"height\":114,\"caption\":\"This Is Vegan | Plantbased Lifestyle Magazin\"},\"image\":{\"@id\":\"https:\\\/\\\/this-is-vegan.com\\\/en\\\/#\\\/schema\\\/logo\\\/image\\\/\"},\"sameAs\":[\"https:\\\/\\\/www.facebook.com\\\/thisisvegan\",\"https:\\\/\\\/www.instagram.com\\\/thisisvegan.magazin\",\"https:\\\/\\\/www.linkedin.com\\\/company\\\/this-is-vegan\",\"https:\\\/\\\/www.pinterest.de\\\/this_is_vegan_official\\\/\",\"https:\\\/\\\/www.youtube.com\\\/@thisisvegan\",\"https:\\\/\\\/tiktok.com\\\/@this_is_vegan\",\"https:\\\/\\\/www.instagram.com\\\/thisisvegan.magazin.us\"],\"description\":\"This Is Vegan ist das f\u00fchrende Plantbased Lifestyle-Magazin in Deutschland. Neben Rezepten, News und Interviews, gibt es hier den Plantbased Podcast mit Inspiration rund um Tierschutz, vegane Ern\u00e4hrung und Umweltschutz zu finden.\",\"email\":\"info@this-is-vegan.com\",\"numberOfEmployees\":{\"@type\":\"QuantitativeValue\",\"minValue\":\"1\",\"maxValue\":\"10\"},\"diversityStaffingReport\":\"https:\\\/\\\/this-is-vegan.com\\\/team\\\/\"},{\"@type\":\"Person\",\"@id\":\"https:\\\/\\\/this-is-vegan.com\\\/en\\\/#\\\/schema\\\/person\\\/3ed492820cd46980d016e778734ce433\",\"name\":\"Thisisvegan\",\"image\":{\"@type\":\"ImageObject\",\"inLanguage\":\"en-US\",\"@id\":\"https:\\\/\\\/secure.gravatar.com\\\/avatar\\\/c8626f92c6aabf3c8a9e723ed068d7b3b981bc9f3695b1aee610500c0bf1bad9?s=96&d=mm&r=g\",\"url\":\"https:\\\/\\\/secure.gravatar.com\\\/avatar\\\/c8626f92c6aabf3c8a9e723ed068d7b3b981bc9f3695b1aee610500c0bf1bad9?s=96&d=mm&r=g\",\"contentUrl\":\"https:\\\/\\\/secure.gravatar.com\\\/avatar\\\/c8626f92c6aabf3c8a9e723ed068d7b3b981bc9f3695b1aee610500c0bf1bad9?s=96&d=mm&r=g\",\"caption\":\"Thisisvegan\"},\"url\":\"https:\\\/\\\/this-is-vegan.com\\\/en\\\/author\\\/thisisvegan\\\/\"}]}<\/script>\n<!-- \/ Yoast SEO Premium plugin. -->","yoast_head_json":{"title":"Imprint - This is vegan","robots":{"index":"index","follow":"follow","max-snippet":"max-snippet:-1","max-image-preview":"max-image-preview:large","max-video-preview":"max-video-preview:-1"},"canonical":"https:\/\/this-is-vegan.com\/en\/imprint\/","og_locale":"en_US","og_type":"article","og_title":"Imprint","og_description":"Imprint Information according to \u00a7 5 TMG Yannick Haldenwanger This Is Vegan (Sellout Media) Friedrichstra\u00dfe 58 77654 Offenburg Contact E-mail: info@this-is-vegan.com Sales tax ID Sales tax identification number according to...View Post","og_url":"https:\/\/this-is-vegan.com\/en\/imprint\/","og_site_name":"This is vegan","article_publisher":"https:\/\/www.facebook.com\/thisisvegan","article_modified_time":"2022-08-13T19:16:02+00:00","og_image":[{"width":197,"height":100,"url":"https:\/\/this-is-vegan.com\/wp-content\/uploads\/2023\/07\/logo.green_mobil_retina.png","type":"image\/png"}],"twitter_card":"summary_large_image","twitter_misc":{"Est. reading time":"2 minutes"},"schema":{"@context":"https:\/\/schema.org","@graph":[{"@type":["Article","BlogPosting"],"@id":"https:\/\/this-is-vegan.com\/en\/imprint\/#article","isPartOf":{"@id":"https:\/\/this-is-vegan.com\/en\/imprint\/"},"author":{"name":"Thisisvegan","@id":"https:\/\/this-is-vegan.com\/en\/#\/schema\/person\/3ed492820cd46980d016e778734ce433"},"headline":"Imprint","datePublished":"2018-10-21T16:58:19+00:00","dateModified":"2022-08-13T19:16:02+00:00","mainEntityOfPage":{"@id":"https:\/\/this-is-vegan.com\/en\/imprint\/"},"wordCount":454,"publisher":{"@id":"https:\/\/this-is-vegan.com\/en\/#organization"},"inLanguage":"en-US"},{"@type":"WebPage","@id":"https:\/\/this-is-vegan.com\/en\/imprint\/","url":"https:\/\/this-is-vegan.com\/en\/imprint\/","name":"Imprint - This is vegan","isPartOf":{"@id":"https:\/\/this-is-vegan.com\/en\/#website"},"datePublished":"2018-10-21T16:58:19+00:00","dateModified":"2022-08-13T19:16:02+00:00","inLanguage":"en-US","potentialAction":[{"@type":"ReadAction","target":["https:\/\/this-is-vegan.com\/en\/imprint\/"]}]},{"@type":"WebSite","@id":"https:\/\/this-is-vegan.com\/en\/#website","url":"https:\/\/this-is-vegan.com\/en\/","name":"This is vegan","description":"Plantbased Lifestyle Magazin","publisher":{"@id":"https:\/\/this-is-vegan.com\/en\/#organization"},"potentialAction":[{"@type":"SearchAction","target":{"@type":"EntryPoint","urlTemplate":"https:\/\/this-is-vegan.com\/en\/?s={search_term_string}"},"query-input":{"@type":"PropertyValueSpecification","valueRequired":true,"valueName":"search_term_string"}}],"inLanguage":"en-US"},{"@type":"Organization","@id":"https:\/\/this-is-vegan.com\/en\/#organization","name":"This Is Vegan | Plantbased Lifestyle Magazin","alternateName":"This Is Vegan","url":"https:\/\/this-is-vegan.com\/en\/","logo":{"@type":"ImageObject","inLanguage":"en-US","@id":"https:\/\/this-is-vegan.com\/en\/#\/schema\/logo\/image\/","url":"https:\/\/this-is-vegan.com\/wp-content\/uploads\/2020\/08\/logo.green_-e1597938774132.png","contentUrl":"https:\/\/this-is-vegan.com\/wp-content\/uploads\/2020\/08\/logo.green_-e1597938774132.png","width":200,"height":114,"caption":"This Is Vegan | Plantbased Lifestyle Magazin"},"image":{"@id":"https:\/\/this-is-vegan.com\/en\/#\/schema\/logo\/image\/"},"sameAs":["https:\/\/www.facebook.com\/thisisvegan","https:\/\/www.instagram.com\/thisisvegan.magazin","https:\/\/www.linkedin.com\/company\/this-is-vegan","https:\/\/www.pinterest.de\/this_is_vegan_official\/","https:\/\/www.youtube.com\/@thisisvegan","https:\/\/tiktok.com\/@this_is_vegan","https:\/\/www.instagram.com\/thisisvegan.magazin.us"],"description":"This Is Vegan ist das f\u00fchrende Plantbased Lifestyle-Magazin in Deutschland. Neben Rezepten, News und Interviews, gibt es hier den Plantbased Podcast mit Inspiration rund um Tierschutz, vegane Ern\u00e4hrung und Umweltschutz zu finden.","email":"info@this-is-vegan.com","numberOfEmployees":{"@type":"QuantitativeValue","minValue":"1","maxValue":"10"},"diversityStaffingReport":"https:\/\/this-is-vegan.com\/team\/"},{"@type":"Person","@id":"https:\/\/this-is-vegan.com\/en\/#\/schema\/person\/3ed492820cd46980d016e778734ce433","name":"Thisisvegan","image":{"@type":"ImageObject","inLanguage":"en-US","@id":"https:\/\/secure.gravatar.com\/avatar\/c8626f92c6aabf3c8a9e723ed068d7b3b981bc9f3695b1aee610500c0bf1bad9?s=96&d=mm&r=g","url":"https:\/\/secure.gravatar.com\/avatar\/c8626f92c6aabf3c8a9e723ed068d7b3b981bc9f3695b1aee610500c0bf1bad9?s=96&d=mm&r=g","contentUrl":"https:\/\/secure.gravatar.com\/avatar\/c8626f92c6aabf3c8a9e723ed068d7b3b981bc9f3695b1aee610500c0bf1bad9?s=96&d=mm&r=g","caption":"Thisisvegan"},"url":"https:\/\/this-is-vegan.com\/en\/author\/thisisvegan\/"}]}},"_links":{"self":[{"href":"https:\/\/this-is-vegan.com\/en\/wp-json\/wp\/v2\/pages\/10129","targetHints":{"allow":["GET"]}}],"collection":[{"href":"https:\/\/this-is-vegan.com\/en\/wp-json\/wp\/v2\/pages"}],"about":[{"href":"https:\/\/this-is-vegan.com\/en\/wp-json\/wp\/v2\/types\/page"}],"author":[{"embeddable":true,"href":"https:\/\/this-is-vegan.com\/en\/wp-json\/wp\/v2\/users\/1"}],"replies":[{"embeddable":true,"href":"https:\/\/this-is-vegan.com\/en\/wp-json\/wp\/v2\/comments?post=10129"}],"version-history":[{"count":0,"href":"https:\/\/this-is-vegan.com\/en\/wp-json\/wp\/v2\/pages\/10129\/revisions"}],"wp:attachment":[{"href":"https:\/\/this-is-vegan.com\/en\/wp-json\/wp\/v2\/media?parent=10129"}],"curies":[{"name":"wp","href":"https:\/\/api.w.org\/{rel}","templated":true}]}}