{"id":10149,"date":"2022-01-02T22:15:18","date_gmt":"2022-01-02T22:15:18","guid":{"rendered":"https:\/\/this-is-vegan.com\/disclaimer\/"},"modified":"2022-08-13T19:16:17","modified_gmt":"2022-08-13T19:16:17","slug":"disclaimer","status":"publish","type":"page","link":"https:\/\/this-is-vegan.com\/en\/disclaimer\/","title":{"rendered":"Disclaimer"},"content":{"rendered":"\n<!-- Legal document generated by Complianz | GDPR\/CCPA Cookie Consent https:\/\/wordpress.org\/plugins\/complianz-gdpr -->\n<div id=\"cmplz-document\" class=\"cmplz-document disclaimer cmplz-document-all\"><p>Yannick Haldenwanger is committed to keeping this website up to date and accurate. Should you nevertheless encounter anything that is incorrect or out of date, we would appreciate it if you could let us know. Please indicate where on the website you read the information. We will then look at this as soon as possible. Please send your response by email to: <span class=\"cmplz-obfuscate\">&#105;&#110;&#102;&#111;@<span class=\"cmplz-fmail-domain\">ex&#046;c&#111;m<\/span>&#116;hi&#115;&#045;is-vega&#110;&#046;&#099;o&#109;<\/span>.<\/p><p>Any personal data you provide us with in the context of your response or request for information will only be used in accordance with our privacy statement.<\/p><p>Yannick Haldenwanger accepts no responsibility for the content of websites to which or from which a hyperlink or other reference is made. Products or services offered by third parties shall be subject to the applicable terms and conditions of those third parties.<\/p><p>All intellectual property rights to content on this website are vested in Yannick Haldenwanger.<\/p><p>Copying, disseminating and any other use of these materials is not permitted without the written permission of Yannick Haldenwanger, except and only insofar as otherwise stipulated in regulations of mandatory law (such as the right to quote), unless specific content dictates otherwise.<\/p><p>If you have any questions or problems with the accessibility of the website, please do not hesitate to contact us.<\/p><\/div>\n","protected":false},"excerpt":{"rendered":"<div class=\"post-more\"><a href=\"https:\/\/this-is-vegan.com\/en\/disclaimer\/\" class=\"button button-primary button-effect\"><span>View Post<\/span><span><i class=\"cs-icon cs-icon-arrow-right\"><\/i><\/span><\/a><\/div>\n","protected":false},"author":18,"featured_media":0,"parent":0,"menu_order":0,"comment_status":"closed","ping_status":"closed","template":"","meta":{"wprm-recipe-roundup-name":"","wprm-recipe-roundup-description":"","footnotes":""},"class_list":["post-10149","page","type-page","status-publish"],"yoast_head":"<!-- This site is optimized with the Yoast SEO Premium plugin v25.9 (Yoast SEO v27.5) - https:\/\/yoast.com\/product\/yoast-seo-premium-wordpress\/ -->\n<title>Disclaimer - This is vegan<\/title>\n<meta name=\"robots\" content=\"index, follow, max-snippet:-1, max-image-preview:large, max-video-preview:-1\" \/>\n<link rel=\"canonical\" href=\"https:\/\/this-is-vegan.com\/en\/disclaimer\/\" \/>\n<meta property=\"og:locale\" content=\"en_US\" \/>\n<meta property=\"og:type\" content=\"article\" \/>\n<meta property=\"og:title\" content=\"Disclaimer\" \/>\n<meta property=\"og:description\" content=\"View Post\" \/>\n<meta property=\"og:url\" content=\"https:\/\/this-is-vegan.com\/en\/disclaimer\/\" \/>\n<meta property=\"og:site_name\" content=\"This is vegan\" \/>\n<meta property=\"article:publisher\" content=\"https:\/\/www.facebook.com\/thisisvegan\" \/>\n<meta property=\"article:modified_time\" content=\"2022-08-13T19:16:17+00:00\" \/>\n<meta property=\"og:image\" content=\"https:\/\/this-is-vegan.com\/wp-content\/uploads\/2023\/07\/logo.green_mobil_retina.png\" \/>\n\t<meta property=\"og:image:width\" content=\"197\" \/>\n\t<meta property=\"og:image:height\" content=\"100\" \/>\n\t<meta property=\"og:image:type\" content=\"image\/png\" \/>\n<meta name=\"twitter:card\" content=\"summary_large_image\" \/>\n<script type=\"application\/ld+json\" class=\"yoast-schema-graph\">{\"@context\":\"https:\\\/\\\/schema.org\",\"@graph\":[{\"@type\":[\"Article\",\"BlogPosting\"],\"@id\":\"https:\\\/\\\/this-is-vegan.com\\\/en\\\/disclaimer\\\/#article\",\"isPartOf\":{\"@id\":\"https:\\\/\\\/this-is-vegan.com\\\/en\\\/disclaimer\\\/\"},\"author\":{\"name\":\"Daniel K\u00f6hler\",\"@id\":\"https:\\\/\\\/this-is-vegan.com\\\/en\\\/#\\\/schema\\\/person\\\/13e93ea168b202a3e23297f848c9e30a\"},\"headline\":\"Disclaimer\",\"datePublished\":\"2022-01-02T22:15:18+00:00\",\"dateModified\":\"2022-08-13T19:16:17+00:00\",\"mainEntityOfPage\":{\"@id\":\"https:\\\/\\\/this-is-vegan.com\\\/en\\\/disclaimer\\\/\"},\"wordCount\":6,\"publisher\":{\"@id\":\"https:\\\/\\\/this-is-vegan.com\\\/en\\\/#organization\"},\"inLanguage\":\"en-US\"},{\"@type\":\"WebPage\",\"@id\":\"https:\\\/\\\/this-is-vegan.com\\\/en\\\/disclaimer\\\/\",\"url\":\"https:\\\/\\\/this-is-vegan.com\\\/en\\\/disclaimer\\\/\",\"name\":\"Disclaimer - This is vegan\",\"isPartOf\":{\"@id\":\"https:\\\/\\\/this-is-vegan.com\\\/en\\\/#website\"},\"datePublished\":\"2022-01-02T22:15:18+00:00\",\"dateModified\":\"2022-08-13T19:16:17+00:00\",\"inLanguage\":\"en-US\",\"potentialAction\":[{\"@type\":\"ReadAction\",\"target\":[\"https:\\\/\\\/this-is-vegan.com\\\/en\\\/disclaimer\\\/\"]}]},{\"@type\":\"WebSite\",\"@id\":\"https:\\\/\\\/this-is-vegan.com\\\/en\\\/#website\",\"url\":\"https:\\\/\\\/this-is-vegan.com\\\/en\\\/\",\"name\":\"This is vegan\",\"description\":\"Plantbased Lifestyle Magazin\",\"publisher\":{\"@id\":\"https:\\\/\\\/this-is-vegan.com\\\/en\\\/#organization\"},\"potentialAction\":[{\"@type\":\"SearchAction\",\"target\":{\"@type\":\"EntryPoint\",\"urlTemplate\":\"https:\\\/\\\/this-is-vegan.com\\\/en\\\/?s={search_term_string}\"},\"query-input\":{\"@type\":\"PropertyValueSpecification\",\"valueRequired\":true,\"valueName\":\"search_term_string\"}}],\"inLanguage\":\"en-US\"},{\"@type\":\"Organization\",\"@id\":\"https:\\\/\\\/this-is-vegan.com\\\/en\\\/#organization\",\"name\":\"This Is Vegan | Plantbased Lifestyle Magazin\",\"alternateName\":\"This Is Vegan\",\"url\":\"https:\\\/\\\/this-is-vegan.com\\\/en\\\/\",\"logo\":{\"@type\":\"ImageObject\",\"inLanguage\":\"en-US\",\"@id\":\"https:\\\/\\\/this-is-vegan.com\\\/en\\\/#\\\/schema\\\/logo\\\/image\\\/\",\"url\":\"https:\\\/\\\/this-is-vegan.com\\\/wp-content\\\/uploads\\\/2020\\\/08\\\/logo.green_-e1597938774132.png\",\"contentUrl\":\"https:\\\/\\\/this-is-vegan.com\\\/wp-content\\\/uploads\\\/2020\\\/08\\\/logo.green_-e1597938774132.png\",\"width\":200,\"height\":114,\"caption\":\"This Is Vegan | Plantbased Lifestyle Magazin\"},\"image\":{\"@id\":\"https:\\\/\\\/this-is-vegan.com\\\/en\\\/#\\\/schema\\\/logo\\\/image\\\/\"},\"sameAs\":[\"https:\\\/\\\/www.facebook.com\\\/thisisvegan\",\"https:\\\/\\\/www.instagram.com\\\/thisisvegan.magazin\",\"https:\\\/\\\/www.linkedin.com\\\/company\\\/this-is-vegan\",\"https:\\\/\\\/www.pinterest.de\\\/this_is_vegan_official\\\/\",\"https:\\\/\\\/www.youtube.com\\\/@thisisvegan\",\"https:\\\/\\\/tiktok.com\\\/@this_is_vegan\",\"https:\\\/\\\/www.instagram.com\\\/thisisvegan.magazin.us\"],\"description\":\"This Is Vegan ist das f\u00fchrende Plantbased Lifestyle-Magazin in Deutschland. Neben Rezepten, News und Interviews, gibt es hier den Plantbased Podcast mit Inspiration rund um Tierschutz, vegane Ern\u00e4hrung und Umweltschutz zu finden.\",\"email\":\"info@this-is-vegan.com\",\"numberOfEmployees\":{\"@type\":\"QuantitativeValue\",\"minValue\":\"1\",\"maxValue\":\"10\"},\"diversityStaffingReport\":\"https:\\\/\\\/this-is-vegan.com\\\/team\\\/\"},{\"@type\":\"Person\",\"@id\":\"https:\\\/\\\/this-is-vegan.com\\\/en\\\/#\\\/schema\\\/person\\\/13e93ea168b202a3e23297f848c9e30a\",\"name\":\"Daniel K\u00f6hler\",\"image\":{\"@type\":\"ImageObject\",\"inLanguage\":\"en-US\",\"@id\":\"https:\\\/\\\/this-is-vegan.com\\\/wp-content\\\/uploads\\\/2023\\\/07\\\/Kato-and-Me-scaled-e1688331150497-320x320.jpg\",\"url\":\"https:\\\/\\\/this-is-vegan.com\\\/wp-content\\\/uploads\\\/2023\\\/07\\\/Kato-and-Me-scaled-e1688331150497-320x320.jpg\",\"contentUrl\":\"https:\\\/\\\/this-is-vegan.com\\\/wp-content\\\/uploads\\\/2023\\\/07\\\/Kato-and-Me-scaled-e1688331150497-320x320.jpg\",\"caption\":\"Daniel K\u00f6hler\"},\"description\":\"Als mir Yannick von der Gr\u00fcndung von This is Vegan Magazin erz\u00e4hlt hatte, wusste ich, ich muss unbedingt dabei sein! Wenn ich nicht gerade an dem Magazin arbeite, reise ich mit meiner Freundin und unserem Hund Kato um die Welt. Nicht nur gesund Ern\u00e4hrung, sondern auch Nachhaltigkeit, Tierschutz und Fitness standen schon immer ganz oben auf meiner Liste. Ich bin froh, dass ich diese Themen nun in This Is Vegan einbringen und die Welt so jeden Tag ein kleines bisschen besser machen kann. Meine Vision - mit qualitativ hochwertigem Content andere inspirieren, nachhaltiger zu leben.\",\"sameAs\":[\"https:\\\/\\\/www.instagram.com\\\/\\\/thisisvegan.magazin\",\"https:\\\/\\\/www.linkedin.com\\\/in\\\/koehlerdaniel\\\/\",\"https:\\\/\\\/www.youtube.com\\\/@thisisvegan\"],\"knowsAbout\":[\"Ern\u00e4hrung\",\"Fitness\",\"Tierschutz\"],\"knowsLanguage\":[\"englisch\",\"deutsch\"],\"jobTitle\":\"Co-Founder\",\"url\":\"https:\\\/\\\/this-is-vegan.com\\\/en\\\/author\\\/daniel\\\/\"}]}<\/script>\n<!-- \/ Yoast SEO Premium plugin. -->","yoast_head_json":{"title":"Disclaimer - This is vegan","robots":{"index":"index","follow":"follow","max-snippet":"max-snippet:-1","max-image-preview":"max-image-preview:large","max-video-preview":"max-video-preview:-1"},"canonical":"https:\/\/this-is-vegan.com\/en\/disclaimer\/","og_locale":"en_US","og_type":"article","og_title":"Disclaimer","og_description":"View Post","og_url":"https:\/\/this-is-vegan.com\/en\/disclaimer\/","og_site_name":"This is vegan","article_publisher":"https:\/\/www.facebook.com\/thisisvegan","article_modified_time":"2022-08-13T19:16:17+00:00","og_image":[{"width":197,"height":100,"url":"https:\/\/this-is-vegan.com\/wp-content\/uploads\/2023\/07\/logo.green_mobil_retina.png","type":"image\/png"}],"twitter_card":"summary_large_image","schema":{"@context":"https:\/\/schema.org","@graph":[{"@type":["Article","BlogPosting"],"@id":"https:\/\/this-is-vegan.com\/en\/disclaimer\/#article","isPartOf":{"@id":"https:\/\/this-is-vegan.com\/en\/disclaimer\/"},"author":{"name":"Daniel K\u00f6hler","@id":"https:\/\/this-is-vegan.com\/en\/#\/schema\/person\/13e93ea168b202a3e23297f848c9e30a"},"headline":"Disclaimer","datePublished":"2022-01-02T22:15:18+00:00","dateModified":"2022-08-13T19:16:17+00:00","mainEntityOfPage":{"@id":"https:\/\/this-is-vegan.com\/en\/disclaimer\/"},"wordCount":6,"publisher":{"@id":"https:\/\/this-is-vegan.com\/en\/#organization"},"inLanguage":"en-US"},{"@type":"WebPage","@id":"https:\/\/this-is-vegan.com\/en\/disclaimer\/","url":"https:\/\/this-is-vegan.com\/en\/disclaimer\/","name":"Disclaimer - This is vegan","isPartOf":{"@id":"https:\/\/this-is-vegan.com\/en\/#website"},"datePublished":"2022-01-02T22:15:18+00:00","dateModified":"2022-08-13T19:16:17+00:00","inLanguage":"en-US","potentialAction":[{"@type":"ReadAction","target":["https:\/\/this-is-vegan.com\/en\/disclaimer\/"]}]},{"@type":"WebSite","@id":"https:\/\/this-is-vegan.com\/en\/#website","url":"https:\/\/this-is-vegan.com\/en\/","name":"This is vegan","description":"Plantbased Lifestyle Magazin","publisher":{"@id":"https:\/\/this-is-vegan.com\/en\/#organization"},"potentialAction":[{"@type":"SearchAction","target":{"@type":"EntryPoint","urlTemplate":"https:\/\/this-is-vegan.com\/en\/?s={search_term_string}"},"query-input":{"@type":"PropertyValueSpecification","valueRequired":true,"valueName":"search_term_string"}}],"inLanguage":"en-US"},{"@type":"Organization","@id":"https:\/\/this-is-vegan.com\/en\/#organization","name":"This Is Vegan | Plantbased Lifestyle Magazin","alternateName":"This Is Vegan","url":"https:\/\/this-is-vegan.com\/en\/","logo":{"@type":"ImageObject","inLanguage":"en-US","@id":"https:\/\/this-is-vegan.com\/en\/#\/schema\/logo\/image\/","url":"https:\/\/this-is-vegan.com\/wp-content\/uploads\/2020\/08\/logo.green_-e1597938774132.png","contentUrl":"https:\/\/this-is-vegan.com\/wp-content\/uploads\/2020\/08\/logo.green_-e1597938774132.png","width":200,"height":114,"caption":"This Is Vegan | Plantbased Lifestyle Magazin"},"image":{"@id":"https:\/\/this-is-vegan.com\/en\/#\/schema\/logo\/image\/"},"sameAs":["https:\/\/www.facebook.com\/thisisvegan","https:\/\/www.instagram.com\/thisisvegan.magazin","https:\/\/www.linkedin.com\/company\/this-is-vegan","https:\/\/www.pinterest.de\/this_is_vegan_official\/","https:\/\/www.youtube.com\/@thisisvegan","https:\/\/tiktok.com\/@this_is_vegan","https:\/\/www.instagram.com\/thisisvegan.magazin.us"],"description":"This Is Vegan ist das f\u00fchrende Plantbased Lifestyle-Magazin in Deutschland. Neben Rezepten, News und Interviews, gibt es hier den Plantbased Podcast mit Inspiration rund um Tierschutz, vegane Ern\u00e4hrung und Umweltschutz zu finden.","email":"info@this-is-vegan.com","numberOfEmployees":{"@type":"QuantitativeValue","minValue":"1","maxValue":"10"},"diversityStaffingReport":"https:\/\/this-is-vegan.com\/team\/"},{"@type":"Person","@id":"https:\/\/this-is-vegan.com\/en\/#\/schema\/person\/13e93ea168b202a3e23297f848c9e30a","name":"Daniel K\u00f6hler","image":{"@type":"ImageObject","inLanguage":"en-US","@id":"https:\/\/this-is-vegan.com\/wp-content\/uploads\/2023\/07\/Kato-and-Me-scaled-e1688331150497-320x320.jpg","url":"https:\/\/this-is-vegan.com\/wp-content\/uploads\/2023\/07\/Kato-and-Me-scaled-e1688331150497-320x320.jpg","contentUrl":"https:\/\/this-is-vegan.com\/wp-content\/uploads\/2023\/07\/Kato-and-Me-scaled-e1688331150497-320x320.jpg","caption":"Daniel K\u00f6hler"},"description":"Als mir Yannick von der Gr\u00fcndung von This is Vegan Magazin erz\u00e4hlt hatte, wusste ich, ich muss unbedingt dabei sein! Wenn ich nicht gerade an dem Magazin arbeite, reise ich mit meiner Freundin und unserem Hund Kato um die Welt. Nicht nur gesund Ern\u00e4hrung, sondern auch Nachhaltigkeit, Tierschutz und Fitness standen schon immer ganz oben auf meiner Liste. Ich bin froh, dass ich diese Themen nun in This Is Vegan einbringen und die Welt so jeden Tag ein kleines bisschen besser machen kann. Meine Vision - mit qualitativ hochwertigem Content andere inspirieren, nachhaltiger zu leben.","sameAs":["https:\/\/www.instagram.com\/\/thisisvegan.magazin","https:\/\/www.linkedin.com\/in\/koehlerdaniel\/","https:\/\/www.youtube.com\/@thisisvegan"],"knowsAbout":["Ern\u00e4hrung","Fitness","Tierschutz"],"knowsLanguage":["englisch","deutsch"],"jobTitle":"Co-Founder","url":"https:\/\/this-is-vegan.com\/en\/author\/daniel\/"}]}},"_links":{"self":[{"href":"https:\/\/this-is-vegan.com\/en\/wp-json\/wp\/v2\/pages\/10149","targetHints":{"allow":["GET"]}}],"collection":[{"href":"https:\/\/this-is-vegan.com\/en\/wp-json\/wp\/v2\/pages"}],"about":[{"href":"https:\/\/this-is-vegan.com\/en\/wp-json\/wp\/v2\/types\/page"}],"author":[{"embeddable":true,"href":"https:\/\/this-is-vegan.com\/en\/wp-json\/wp\/v2\/users\/18"}],"replies":[{"embeddable":true,"href":"https:\/\/this-is-vegan.com\/en\/wp-json\/wp\/v2\/comments?post=10149"}],"version-history":[{"count":0,"href":"https:\/\/this-is-vegan.com\/en\/wp-json\/wp\/v2\/pages\/10149\/revisions"}],"wp:attachment":[{"href":"https:\/\/this-is-vegan.com\/en\/wp-json\/wp\/v2\/media?parent=10149"}],"curies":[{"name":"wp","href":"https:\/\/api.w.org\/{rel}","templated":true}]}}