{"id":18644,"date":"2023-06-12T21:10:55","date_gmt":"2023-06-12T21:10:55","guid":{"rendered":"https:\/\/this-is-vegan.com\/?page_id=18644"},"modified":"2023-06-12T21:49:11","modified_gmt":"2023-06-12T21:49:11","slug":"vegan-recipes-breakfast-brunch","status":"publish","type":"page","link":"https:\/\/this-is-vegan.com\/en\/vegan-recipes-breakfast-brunch\/","title":{"rendered":"Vegan recipes: Breakfast &amp; Brunch"},"content":{"rendered":"\t\t<div data-elementor-type=\"wp-page\" data-elementor-id=\"18644\" class=\"elementor elementor-18644 elementor-18643\" data-elementor-post-type=\"page\">\n\t\t\t\t\t\t<section class=\"elementor-section elementor-top-section elementor-element elementor-element-0a8a5e7 elementor-section-boxed elementor-section-height-default elementor-section-height-default\" data-id=\"0a8a5e7\" data-element_type=\"section\" data-e-type=\"section\">\n\t\t\t\t\t\t<div class=\"elementor-container elementor-column-gap-default\">\n\t\t\t\t\t<div class=\"elementor-column elementor-col-100 elementor-top-column elementor-element elementor-element-5ef973f\" data-id=\"5ef973f\" data-element_type=\"column\" data-e-type=\"column\">\n\t\t\t<div class=\"elementor-widget-wrap elementor-element-populated\">\n\t\t\t\t\t\t<div class=\"elementor-element elementor-element-bb4b5fc elementor-widget elementor-widget-text-editor\" data-id=\"bb4b5fc\" data-element_type=\"widget\" data-e-type=\"widget\" data-widget_type=\"text-editor.default\">\n\t\t\t\t\t\t\t\t\t<p>Start <strong>your day with a healthy and nutritious breakfast<\/strong> or enjoy an extensive <strong>brunch experience on the weekend.<\/strong> From sweet pancakes to savory bagels and fresh smoothie bowls, check out <strong>best vegan breakfast and brunch recipes<\/strong>.<\/p>\n\t\t\t\t\t\t\t\t<\/div>\n\t\t\t\t\t<\/div>\n\t\t<\/div>\n\t\t\t\t\t<\/div>\n\t\t<\/section>\n\t\t\t\t<section class=\"elementor-section elementor-top-section elementor-element elementor-element-ae494d6 elementor-section-boxed elementor-section-height-default elementor-section-height-default\" data-id=\"ae494d6\" data-element_type=\"section\" data-e-type=\"section\">\n\t\t\t\t\t\t<div class=\"elementor-container elementor-column-gap-default\">\n\t\t\t\t\t<div class=\"elementor-column elementor-col-100 elementor-top-column elementor-element elementor-element-07a6e43\" data-id=\"07a6e43\" data-element_type=\"column\" data-e-type=\"column\">\n\t\t\t<div class=\"elementor-widget-wrap elementor-element-populated\">\n\t\t\t\t\t\t\t<\/div>\n\t\t<\/div>\n\t\t\t\t\t<\/div>\n\t\t<\/section>\n\t\t\t\t<\/div>\n\t\t","protected":false},"excerpt":{"rendered":"<div class=\"post-excerpt\">Start your day with a healthy and nutritious breakfast or enjoy an extensive brunch experience on the weekend. From sweet pancakes to savory bagels and fresh smoothie bowls, check out&#8230;<\/div>\n<div class=\"post-more\"><a href=\"https:\/\/this-is-vegan.com\/en\/vegan-recipes-breakfast-brunch\/\" class=\"button button-primary button-effect\"><span>View Post<\/span><span><i class=\"cs-icon cs-icon-arrow-right\"><\/i><\/span><\/a><\/div>\n","protected":false},"author":18,"featured_media":0,"parent":0,"menu_order":0,"comment_status":"closed","ping_status":"closed","template":"","meta":{"wprm-recipe-roundup-name":"","wprm-recipe-roundup-description":"","footnotes":""},"class_list":["post-18644","page","type-page","status-publish"],"yoast_head":"<!-- This site is optimized with the Yoast SEO Premium plugin v25.9 (Yoast SEO v27.3) - https:\/\/yoast.com\/product\/yoast-seo-premium-wordpress\/ -->\n<title>Vegan recipes: Breakfast &amp; Brunch - This is vegan<\/title>\n<meta name=\"description\" content=\"For those of you with a sweet tooth, we offer a wide selection of vegan cakes and pies. Whether chocolatey, fruity or nutty - here you will find the perfect recipe for every occasion.\" \/>\n<meta name=\"robots\" content=\"noindex, follow\" \/>\n<meta property=\"og:locale\" content=\"en_US\" \/>\n<meta property=\"og:type\" content=\"article\" \/>\n<meta property=\"og:title\" content=\"Vegan recipes: Breakfast &amp; Brunch\" \/>\n<meta property=\"og:description\" content=\"For those of you with a sweet tooth, we offer a wide selection of vegan cakes and pies. Whether chocolatey, fruity or nutty - here you will find the perfect recipe for every occasion.\" \/>\n<meta property=\"og:url\" content=\"https:\/\/this-is-vegan.com\/en\/vegan-recipes-breakfast-brunch\/\" \/>\n<meta property=\"og:site_name\" content=\"This is vegan\" \/>\n<meta property=\"article:publisher\" content=\"https:\/\/www.facebook.com\/thisisvegan\" \/>\n<meta property=\"article:modified_time\" content=\"2023-06-12T21:49:11+00:00\" \/>\n<meta property=\"og:image\" content=\"https:\/\/this-is-vegan.com\/wp-content\/uploads\/2023\/07\/logo.green_mobil_retina.png\" \/>\n\t<meta property=\"og:image:width\" content=\"197\" \/>\n\t<meta property=\"og:image:height\" content=\"100\" \/>\n\t<meta property=\"og:image:type\" content=\"image\/png\" \/>\n<meta name=\"twitter:card\" content=\"summary_large_image\" \/>\n<script type=\"application\/ld+json\" class=\"yoast-schema-graph\">{\"@context\":\"https:\\\/\\\/schema.org\",\"@graph\":[{\"@type\":[\"Article\",\"BlogPosting\"],\"@id\":\"https:\\\/\\\/this-is-vegan.com\\\/en\\\/vegan-recipes-breakfast-brunch\\\/#article\",\"isPartOf\":{\"@id\":\"https:\\\/\\\/this-is-vegan.com\\\/en\\\/vegan-recipes-breakfast-brunch\\\/\"},\"author\":{\"name\":\"Daniel K\u00f6hler\",\"@id\":\"https:\\\/\\\/this-is-vegan.com\\\/en\\\/#\\\/schema\\\/person\\\/13e93ea168b202a3e23297f848c9e30a\"},\"headline\":\"Vegan recipes: Breakfast &amp; Brunch\",\"datePublished\":\"2023-06-12T21:10:55+00:00\",\"dateModified\":\"2023-06-12T21:49:11+00:00\",\"mainEntityOfPage\":{\"@id\":\"https:\\\/\\\/this-is-vegan.com\\\/en\\\/vegan-recipes-breakfast-brunch\\\/\"},\"wordCount\":41,\"publisher\":{\"@id\":\"https:\\\/\\\/this-is-vegan.com\\\/en\\\/#organization\"},\"inLanguage\":\"en-US\"},{\"@type\":\"WebPage\",\"@id\":\"https:\\\/\\\/this-is-vegan.com\\\/en\\\/vegan-recipes-breakfast-brunch\\\/\",\"url\":\"https:\\\/\\\/this-is-vegan.com\\\/en\\\/vegan-recipes-breakfast-brunch\\\/\",\"name\":\"Vegan recipes: Breakfast &amp; Brunch - This is vegan\",\"isPartOf\":{\"@id\":\"https:\\\/\\\/this-is-vegan.com\\\/en\\\/#website\"},\"datePublished\":\"2023-06-12T21:10:55+00:00\",\"dateModified\":\"2023-06-12T21:49:11+00:00\",\"description\":\"For those of you with a sweet tooth, we offer a wide selection of vegan cakes and pies. Whether chocolatey, fruity or nutty - here you will find the perfect recipe for every occasion.\",\"inLanguage\":\"en-US\",\"potentialAction\":[{\"@type\":\"ReadAction\",\"target\":[\"https:\\\/\\\/this-is-vegan.com\\\/en\\\/vegan-recipes-breakfast-brunch\\\/\"]}]},{\"@type\":\"WebSite\",\"@id\":\"https:\\\/\\\/this-is-vegan.com\\\/en\\\/#website\",\"url\":\"https:\\\/\\\/this-is-vegan.com\\\/en\\\/\",\"name\":\"This is vegan\",\"description\":\"Plantbased Lifestyle Magazin\",\"publisher\":{\"@id\":\"https:\\\/\\\/this-is-vegan.com\\\/en\\\/#organization\"},\"potentialAction\":[{\"@type\":\"SearchAction\",\"target\":{\"@type\":\"EntryPoint\",\"urlTemplate\":\"https:\\\/\\\/this-is-vegan.com\\\/en\\\/?s={search_term_string}\"},\"query-input\":{\"@type\":\"PropertyValueSpecification\",\"valueRequired\":true,\"valueName\":\"search_term_string\"}}],\"inLanguage\":\"en-US\"},{\"@type\":\"Organization\",\"@id\":\"https:\\\/\\\/this-is-vegan.com\\\/en\\\/#organization\",\"name\":\"This Is Vegan | Plantbased Lifestyle Magazin\",\"alternateName\":\"This Is Vegan\",\"url\":\"https:\\\/\\\/this-is-vegan.com\\\/en\\\/\",\"logo\":{\"@type\":\"ImageObject\",\"inLanguage\":\"en-US\",\"@id\":\"https:\\\/\\\/this-is-vegan.com\\\/en\\\/#\\\/schema\\\/logo\\\/image\\\/\",\"url\":\"https:\\\/\\\/this-is-vegan.com\\\/wp-content\\\/uploads\\\/2020\\\/08\\\/logo.green_-e1597938774132.png\",\"contentUrl\":\"https:\\\/\\\/this-is-vegan.com\\\/wp-content\\\/uploads\\\/2020\\\/08\\\/logo.green_-e1597938774132.png\",\"width\":200,\"height\":114,\"caption\":\"This Is Vegan | Plantbased Lifestyle Magazin\"},\"image\":{\"@id\":\"https:\\\/\\\/this-is-vegan.com\\\/en\\\/#\\\/schema\\\/logo\\\/image\\\/\"},\"sameAs\":[\"https:\\\/\\\/www.facebook.com\\\/thisisvegan\",\"https:\\\/\\\/www.instagram.com\\\/thisisvegan.magazin\",\"https:\\\/\\\/www.linkedin.com\\\/company\\\/this-is-vegan\",\"https:\\\/\\\/www.pinterest.de\\\/this_is_vegan_official\\\/\",\"https:\\\/\\\/www.youtube.com\\\/@thisisvegan\",\"https:\\\/\\\/tiktok.com\\\/@this_is_vegan\",\"https:\\\/\\\/www.instagram.com\\\/thisisvegan.magazin.us\"],\"description\":\"This Is Vegan ist das f\u00fchrende Plantbased Lifestyle-Magazin in Deutschland. Neben Rezepten, News und Interviews, gibt es hier den Plantbased Podcast mit Inspiration rund um Tierschutz, vegane Ern\u00e4hrung und Umweltschutz zu finden.\",\"email\":\"info@this-is-vegan.com\",\"numberOfEmployees\":{\"@type\":\"QuantitativeValue\",\"minValue\":\"1\",\"maxValue\":\"10\"},\"diversityStaffingReport\":\"https:\\\/\\\/this-is-vegan.com\\\/team\\\/\"},{\"@type\":\"Person\",\"@id\":\"https:\\\/\\\/this-is-vegan.com\\\/en\\\/#\\\/schema\\\/person\\\/13e93ea168b202a3e23297f848c9e30a\",\"name\":\"Daniel K\u00f6hler\",\"image\":{\"@type\":\"ImageObject\",\"inLanguage\":\"en-US\",\"@id\":\"https:\\\/\\\/this-is-vegan.com\\\/wp-content\\\/uploads\\\/2023\\\/07\\\/Kato-and-Me-scaled-e1688331150497-320x320.jpg\",\"url\":\"https:\\\/\\\/this-is-vegan.com\\\/wp-content\\\/uploads\\\/2023\\\/07\\\/Kato-and-Me-scaled-e1688331150497-320x320.jpg\",\"contentUrl\":\"https:\\\/\\\/this-is-vegan.com\\\/wp-content\\\/uploads\\\/2023\\\/07\\\/Kato-and-Me-scaled-e1688331150497-320x320.jpg\",\"caption\":\"Daniel K\u00f6hler\"},\"description\":\"Als mir Yannick von der Gr\u00fcndung von This is Vegan Magazin erz\u00e4hlt hatte, wusste ich, ich muss unbedingt dabei sein! Wenn ich nicht gerade an dem Magazin arbeite, reise ich mit meiner Freundin und unserem Hund Kato um die Welt. Nicht nur gesund Ern\u00e4hrung, sondern auch Nachhaltigkeit, Tierschutz und Fitness standen schon immer ganz oben auf meiner Liste. Ich bin froh, dass ich diese Themen nun in This Is Vegan einbringen und die Welt so jeden Tag ein kleines bisschen besser machen kann. Meine Vision - mit qualitativ hochwertigem Content andere inspirieren, nachhaltiger zu leben.\",\"sameAs\":[\"https:\\\/\\\/www.instagram.com\\\/\\\/thisisvegan.magazin\",\"https:\\\/\\\/www.linkedin.com\\\/in\\\/koehlerdaniel\\\/\",\"https:\\\/\\\/www.youtube.com\\\/@thisisvegan\"],\"knowsAbout\":[\"Ern\u00e4hrung\",\"Fitness\",\"Tierschutz\"],\"knowsLanguage\":[\"englisch\",\"deutsch\"],\"jobTitle\":\"Co-Founder\",\"url\":\"https:\\\/\\\/this-is-vegan.com\\\/en\\\/author\\\/daniel\\\/\"}]}<\/script>\n<!-- \/ Yoast SEO Premium plugin. -->","yoast_head_json":{"title":"Vegan recipes: Breakfast &amp; Brunch - This is vegan","description":"For those of you with a sweet tooth, we offer a wide selection of vegan cakes and pies. Whether chocolatey, fruity or nutty - here you will find the perfect recipe for every occasion.","robots":{"index":"noindex","follow":"follow"},"og_locale":"en_US","og_type":"article","og_title":"Vegan recipes: Breakfast &amp; Brunch","og_description":"For those of you with a sweet tooth, we offer a wide selection of vegan cakes and pies. Whether chocolatey, fruity or nutty - here you will find the perfect recipe for every occasion.","og_url":"https:\/\/this-is-vegan.com\/en\/vegan-recipes-breakfast-brunch\/","og_site_name":"This is vegan","article_publisher":"https:\/\/www.facebook.com\/thisisvegan","article_modified_time":"2023-06-12T21:49:11+00:00","og_image":[{"width":197,"height":100,"url":"https:\/\/this-is-vegan.com\/wp-content\/uploads\/2023\/07\/logo.green_mobil_retina.png","type":"image\/png"}],"twitter_card":"summary_large_image","schema":{"@context":"https:\/\/schema.org","@graph":[{"@type":["Article","BlogPosting"],"@id":"https:\/\/this-is-vegan.com\/en\/vegan-recipes-breakfast-brunch\/#article","isPartOf":{"@id":"https:\/\/this-is-vegan.com\/en\/vegan-recipes-breakfast-brunch\/"},"author":{"name":"Daniel K\u00f6hler","@id":"https:\/\/this-is-vegan.com\/en\/#\/schema\/person\/13e93ea168b202a3e23297f848c9e30a"},"headline":"Vegan recipes: Breakfast &amp; Brunch","datePublished":"2023-06-12T21:10:55+00:00","dateModified":"2023-06-12T21:49:11+00:00","mainEntityOfPage":{"@id":"https:\/\/this-is-vegan.com\/en\/vegan-recipes-breakfast-brunch\/"},"wordCount":41,"publisher":{"@id":"https:\/\/this-is-vegan.com\/en\/#organization"},"inLanguage":"en-US"},{"@type":"WebPage","@id":"https:\/\/this-is-vegan.com\/en\/vegan-recipes-breakfast-brunch\/","url":"https:\/\/this-is-vegan.com\/en\/vegan-recipes-breakfast-brunch\/","name":"Vegan recipes: Breakfast &amp; Brunch - This is vegan","isPartOf":{"@id":"https:\/\/this-is-vegan.com\/en\/#website"},"datePublished":"2023-06-12T21:10:55+00:00","dateModified":"2023-06-12T21:49:11+00:00","description":"For those of you with a sweet tooth, we offer a wide selection of vegan cakes and pies. Whether chocolatey, fruity or nutty - here you will find the perfect recipe for every occasion.","inLanguage":"en-US","potentialAction":[{"@type":"ReadAction","target":["https:\/\/this-is-vegan.com\/en\/vegan-recipes-breakfast-brunch\/"]}]},{"@type":"WebSite","@id":"https:\/\/this-is-vegan.com\/en\/#website","url":"https:\/\/this-is-vegan.com\/en\/","name":"This is vegan","description":"Plantbased Lifestyle Magazin","publisher":{"@id":"https:\/\/this-is-vegan.com\/en\/#organization"},"potentialAction":[{"@type":"SearchAction","target":{"@type":"EntryPoint","urlTemplate":"https:\/\/this-is-vegan.com\/en\/?s={search_term_string}"},"query-input":{"@type":"PropertyValueSpecification","valueRequired":true,"valueName":"search_term_string"}}],"inLanguage":"en-US"},{"@type":"Organization","@id":"https:\/\/this-is-vegan.com\/en\/#organization","name":"This Is Vegan | Plantbased Lifestyle Magazin","alternateName":"This Is Vegan","url":"https:\/\/this-is-vegan.com\/en\/","logo":{"@type":"ImageObject","inLanguage":"en-US","@id":"https:\/\/this-is-vegan.com\/en\/#\/schema\/logo\/image\/","url":"https:\/\/this-is-vegan.com\/wp-content\/uploads\/2020\/08\/logo.green_-e1597938774132.png","contentUrl":"https:\/\/this-is-vegan.com\/wp-content\/uploads\/2020\/08\/logo.green_-e1597938774132.png","width":200,"height":114,"caption":"This Is Vegan | Plantbased Lifestyle Magazin"},"image":{"@id":"https:\/\/this-is-vegan.com\/en\/#\/schema\/logo\/image\/"},"sameAs":["https:\/\/www.facebook.com\/thisisvegan","https:\/\/www.instagram.com\/thisisvegan.magazin","https:\/\/www.linkedin.com\/company\/this-is-vegan","https:\/\/www.pinterest.de\/this_is_vegan_official\/","https:\/\/www.youtube.com\/@thisisvegan","https:\/\/tiktok.com\/@this_is_vegan","https:\/\/www.instagram.com\/thisisvegan.magazin.us"],"description":"This Is Vegan ist das f\u00fchrende Plantbased Lifestyle-Magazin in Deutschland. Neben Rezepten, News und Interviews, gibt es hier den Plantbased Podcast mit Inspiration rund um Tierschutz, vegane Ern\u00e4hrung und Umweltschutz zu finden.","email":"info@this-is-vegan.com","numberOfEmployees":{"@type":"QuantitativeValue","minValue":"1","maxValue":"10"},"diversityStaffingReport":"https:\/\/this-is-vegan.com\/team\/"},{"@type":"Person","@id":"https:\/\/this-is-vegan.com\/en\/#\/schema\/person\/13e93ea168b202a3e23297f848c9e30a","name":"Daniel K\u00f6hler","image":{"@type":"ImageObject","inLanguage":"en-US","@id":"https:\/\/this-is-vegan.com\/wp-content\/uploads\/2023\/07\/Kato-and-Me-scaled-e1688331150497-320x320.jpg","url":"https:\/\/this-is-vegan.com\/wp-content\/uploads\/2023\/07\/Kato-and-Me-scaled-e1688331150497-320x320.jpg","contentUrl":"https:\/\/this-is-vegan.com\/wp-content\/uploads\/2023\/07\/Kato-and-Me-scaled-e1688331150497-320x320.jpg","caption":"Daniel K\u00f6hler"},"description":"Als mir Yannick von der Gr\u00fcndung von This is Vegan Magazin erz\u00e4hlt hatte, wusste ich, ich muss unbedingt dabei sein! Wenn ich nicht gerade an dem Magazin arbeite, reise ich mit meiner Freundin und unserem Hund Kato um die Welt. Nicht nur gesund Ern\u00e4hrung, sondern auch Nachhaltigkeit, Tierschutz und Fitness standen schon immer ganz oben auf meiner Liste. Ich bin froh, dass ich diese Themen nun in This Is Vegan einbringen und die Welt so jeden Tag ein kleines bisschen besser machen kann. Meine Vision - mit qualitativ hochwertigem Content andere inspirieren, nachhaltiger zu leben.","sameAs":["https:\/\/www.instagram.com\/\/thisisvegan.magazin","https:\/\/www.linkedin.com\/in\/koehlerdaniel\/","https:\/\/www.youtube.com\/@thisisvegan"],"knowsAbout":["Ern\u00e4hrung","Fitness","Tierschutz"],"knowsLanguage":["englisch","deutsch"],"jobTitle":"Co-Founder","url":"https:\/\/this-is-vegan.com\/en\/author\/daniel\/"}]}},"_links":{"self":[{"href":"https:\/\/this-is-vegan.com\/en\/wp-json\/wp\/v2\/pages\/18644","targetHints":{"allow":["GET"]}}],"collection":[{"href":"https:\/\/this-is-vegan.com\/en\/wp-json\/wp\/v2\/pages"}],"about":[{"href":"https:\/\/this-is-vegan.com\/en\/wp-json\/wp\/v2\/types\/page"}],"author":[{"embeddable":true,"href":"https:\/\/this-is-vegan.com\/en\/wp-json\/wp\/v2\/users\/18"}],"replies":[{"embeddable":true,"href":"https:\/\/this-is-vegan.com\/en\/wp-json\/wp\/v2\/comments?post=18644"}],"version-history":[{"count":0,"href":"https:\/\/this-is-vegan.com\/en\/wp-json\/wp\/v2\/pages\/18644\/revisions"}],"wp:attachment":[{"href":"https:\/\/this-is-vegan.com\/en\/wp-json\/wp\/v2\/media?parent=18644"}],"curies":[{"name":"wp","href":"https:\/\/api.w.org\/{rel}","templated":true}]}}